 {"id":1800,"date":"2021-11-04T10:52:59","date_gmt":"2021-11-04T09:52:59","guid":{"rendered":"https:\/\/www.residence-dolcevita.com\/?page_id=1800"},"modified":"2021-11-19T12:11:04","modified_gmt":"2021-11-19T11:11:04","slug":"summary-of-anti-covid-measures-19","status":"publish","type":"page","link":"https:\/\/www.residence-dolcevita.com\/en\/summary-of-anti-covid-measures-19\/","title":{"rendered":"SUMMARY OF ANTI-COVID MEASURES 19"},"content":{"rendered":"<p>Below, in summary, we report the anti-COVID-19 measures we have taken to make safe Your stay in Marina di Bogliaco.<\/p>\n<h2>General measures<\/h2>\n<p>The general measures for the prevention and containment of the contagion are essential, needful, and founding factors of the corporate Covid19 Protocol and include:<\/p>\n<ul>\n<li>washing hands frequently with water and soap and sanitize them with the products made available, avoiding touching the eyes, nose, and mouth.<\/li>\n<li>constantly wear a face mask in closed places (it must be worn in such a way as to cover both the mouth and nose) while in open spaces the obligation is limited to situations where there is a crowd.<\/li>\n<li>coughing or sneezing while covering yourself with a bent arm or a handkerchief.<\/li>\n<li>always keeping an interpersonal distance of not less than one meter.<\/li>\n<li>avoid close contacts \/ handshakes \/ hugs with other people.<\/li>\n<li>within the closed spaces (offices, shops, and production departments) it is necessary to limit the entrances (no more than five people present at the same time).<\/li>\n<\/ul>\n","protected":false},"excerpt":{"rendered":"<p>Below, in summary, we report the anti-COVID-19 measures we have taken to make safe Your stay in Marina di Bogliaco. General measures The general measures for the prevention and containment of the contagion are essential, needful, and founding factors of the corporate Covid19 Protocol and include: washing hands frequently with water and soap and sanitize [&hellip;]<\/p>\n","protected":false},"author":1,"featured_media":0,"parent":0,"menu_order":12,"comment_status":"closed","ping_status":"closed","template":"","meta":{"_acf_changed":false,"inline_featured_image":false,"footnotes":""},"class_list":["post-1800","page","type-page","status-publish","hentry"],"acf":[],"yoast_head":"<!-- This site is optimized with the Yoast SEO plugin v27.2 - https:\/\/yoast.com\/product\/yoast-seo-wordpress\/ -->\n<title>SUMMARY OF ANTI-COVID MEASURES 19 - Residence Dolce Vita Toscolano Maderno Lago di Garda<\/title>\n<meta name=\"description\" content=\"SUMMARY OF ANTI-COVID MEASURES 19. Nella splendida cornice del Lago di Garda, tra Sal\u00f2 e Limone \u00e8 situato il nuovo Residence Dolce Vita a Toscolano Maderno. Scopri di pi\u00f9\" \/>\n<meta name=\"robots\" content=\"index, follow, max-snippet:-1, max-image-preview:large, max-video-preview:-1\" \/>\n<link rel=\"canonical\" href=\"https:\/\/www.residence-dolcevita.com\/sintesi-delle-misure-anti-covid-19\/\" \/>\n<meta property=\"og:locale\" content=\"en_US\" \/>\n<meta property=\"og:type\" content=\"article\" \/>\n<meta property=\"og:title\" content=\"SUMMARY OF ANTI-COVID MEASURES 19 - Residence Dolce Vita Toscolano Maderno Lago di Garda\" \/>\n<meta property=\"og:description\" content=\"SUMMARY OF ANTI-COVID MEASURES 19. Nella splendida cornice del Lago di Garda, tra Sal\u00f2 e Limone \u00e8 situato il nuovo Residence Dolce Vita a Toscolano Maderno. Scopri di pi\u00f9\" \/>\n<meta property=\"og:url\" content=\"https:\/\/www.residence-dolcevita.com\/sintesi-delle-misure-anti-covid-19\/\" \/>\n<meta property=\"og:site_name\" content=\"Residence Dolce Vita\" \/>\n<meta property=\"article:modified_time\" content=\"2021-11-19T11:11:04+00:00\" \/>\n<meta name=\"twitter:card\" content=\"summary_large_image\" \/>\n<meta name=\"twitter:label1\" content=\"Est. reading time\" \/>\n\t<meta name=\"twitter:data1\" content=\"1 minute\" \/>\n<script type=\"application\/ld+json\" class=\"yoast-schema-graph\">{\"@context\":\"https:\/\/schema.org\",\"@graph\":[{\"@type\":\"WebPage\",\"@id\":\"https:\/\/www.residence-dolcevita.com\/sintesi-delle-misure-anti-covid-19\/\",\"url\":\"https:\/\/www.residence-dolcevita.com\/sintesi-delle-misure-anti-covid-19\/\",\"name\":\"SUMMARY OF ANTI-COVID MEASURES 19 - Residence Dolce Vita Toscolano Maderno Lago di Garda\",\"isPartOf\":{\"@id\":\"https:\/\/www.residence-dolcevita.com\/#website\"},\"datePublished\":\"2021-11-04T09:52:59+00:00\",\"dateModified\":\"2021-11-19T11:11:04+00:00\",\"description\":\"SUMMARY OF ANTI-COVID MEASURES 19. Nella splendida cornice del Lago di Garda, tra Sal\u00f2 e Limone \u00e8 situato il nuovo Residence Dolce Vita a Toscolano Maderno. Scopri di pi\u00f9\",\"breadcrumb\":{\"@id\":\"https:\/\/www.residence-dolcevita.com\/sintesi-delle-misure-anti-covid-19\/#breadcrumb\"},\"inLanguage\":\"en-US\",\"potentialAction\":[{\"@type\":\"ReadAction\",\"target\":[\"https:\/\/www.residence-dolcevita.com\/sintesi-delle-misure-anti-covid-19\/\"]}]},{\"@type\":\"BreadcrumbList\",\"@id\":\"https:\/\/www.residence-dolcevita.com\/sintesi-delle-misure-anti-covid-19\/#breadcrumb\",\"itemListElement\":[{\"@type\":\"ListItem\",\"position\":1,\"name\":\"Home\",\"item\":\"https:\/\/www.residence-dolcevita.com\/en\/\"},{\"@type\":\"ListItem\",\"position\":2,\"name\":\"SUMMARY OF ANTI-COVID MEASURES 19\"}]},{\"@type\":\"WebSite\",\"@id\":\"https:\/\/www.residence-dolcevita.com\/#website\",\"url\":\"https:\/\/www.residence-dolcevita.com\/\",\"name\":\"Residence Dolce Vita\",\"description\":\"Un nuovo sito targato WordPress\",\"publisher\":{\"@id\":\"https:\/\/www.residence-dolcevita.com\/#organization\"},\"potentialAction\":[{\"@type\":\"SearchAction\",\"target\":{\"@type\":\"EntryPoint\",\"urlTemplate\":\"https:\/\/www.residence-dolcevita.com\/?s={search_term_string}\"},\"query-input\":{\"@type\":\"PropertyValueSpecification\",\"valueRequired\":true,\"valueName\":\"search_term_string\"}}],\"inLanguage\":\"en-US\"},{\"@type\":\"Organization\",\"@id\":\"https:\/\/www.residence-dolcevita.com\/#organization\",\"name\":\"Residence Dolce Vita\",\"url\":\"https:\/\/www.residence-dolcevita.com\/\",\"logo\":{\"@type\":\"ImageObject\",\"inLanguage\":\"en-US\",\"@id\":\"https:\/\/www.residence-dolcevita.com\/#\/schema\/logo\/image\/\",\"url\":\"https:\/\/www.residence-dolcevita.com\/wp-content\/uploads\/2021\/06\/logo-mail.png\",\"contentUrl\":\"https:\/\/www.residence-dolcevita.com\/wp-content\/uploads\/2021\/06\/logo-mail.png\",\"width\":200,\"height\":74,\"caption\":\"Residence Dolce Vita\"},\"image\":{\"@id\":\"https:\/\/www.residence-dolcevita.com\/#\/schema\/logo\/image\/\"}}]}<\/script>\n<!-- \/ Yoast SEO plugin. -->","yoast_head_json":{"title":"SUMMARY OF ANTI-COVID MEASURES 19 - Residence Dolce Vita Toscolano Maderno Lago di Garda","description":"SUMMARY OF ANTI-COVID MEASURES 19. Nella splendida cornice del Lago di Garda, tra Sal\u00f2 e Limone \u00e8 situato il nuovo Residence Dolce Vita a Toscolano Maderno. Scopri di pi\u00f9","robots":{"index":"index","follow":"follow","max-snippet":"max-snippet:-1","max-image-preview":"max-image-preview:large","max-video-preview":"max-video-preview:-1"},"canonical":"https:\/\/www.residence-dolcevita.com\/sintesi-delle-misure-anti-covid-19\/","og_locale":"en_US","og_type":"article","og_title":"SUMMARY OF ANTI-COVID MEASURES 19 - Residence Dolce Vita Toscolano Maderno Lago di Garda","og_description":"SUMMARY OF ANTI-COVID MEASURES 19. Nella splendida cornice del Lago di Garda, tra Sal\u00f2 e Limone \u00e8 situato il nuovo Residence Dolce Vita a Toscolano Maderno. Scopri di pi\u00f9","og_url":"https:\/\/www.residence-dolcevita.com\/sintesi-delle-misure-anti-covid-19\/","og_site_name":"Residence Dolce Vita","article_modified_time":"2021-11-19T11:11:04+00:00","twitter_card":"summary_large_image","twitter_misc":{"Est. reading time":"1 minute"},"schema":{"@context":"https:\/\/schema.org","@graph":[{"@type":"WebPage","@id":"https:\/\/www.residence-dolcevita.com\/sintesi-delle-misure-anti-covid-19\/","url":"https:\/\/www.residence-dolcevita.com\/sintesi-delle-misure-anti-covid-19\/","name":"SUMMARY OF ANTI-COVID MEASURES 19 - Residence Dolce Vita Toscolano Maderno Lago di Garda","isPartOf":{"@id":"https:\/\/www.residence-dolcevita.com\/#website"},"datePublished":"2021-11-04T09:52:59+00:00","dateModified":"2021-11-19T11:11:04+00:00","description":"SUMMARY OF ANTI-COVID MEASURES 19. Nella splendida cornice del Lago di Garda, tra Sal\u00f2 e Limone \u00e8 situato il nuovo Residence Dolce Vita a Toscolano Maderno. Scopri di pi\u00f9","breadcrumb":{"@id":"https:\/\/www.residence-dolcevita.com\/sintesi-delle-misure-anti-covid-19\/#breadcrumb"},"inLanguage":"en-US","potentialAction":[{"@type":"ReadAction","target":["https:\/\/www.residence-dolcevita.com\/sintesi-delle-misure-anti-covid-19\/"]}]},{"@type":"BreadcrumbList","@id":"https:\/\/www.residence-dolcevita.com\/sintesi-delle-misure-anti-covid-19\/#breadcrumb","itemListElement":[{"@type":"ListItem","position":1,"name":"Home","item":"https:\/\/www.residence-dolcevita.com\/en\/"},{"@type":"ListItem","position":2,"name":"SUMMARY OF ANTI-COVID MEASURES 19"}]},{"@type":"WebSite","@id":"https:\/\/www.residence-dolcevita.com\/#website","url":"https:\/\/www.residence-dolcevita.com\/","name":"Residence Dolce Vita","description":"Un nuovo sito targato WordPress","publisher":{"@id":"https:\/\/www.residence-dolcevita.com\/#organization"},"potentialAction":[{"@type":"SearchAction","target":{"@type":"EntryPoint","urlTemplate":"https:\/\/www.residence-dolcevita.com\/?s={search_term_string}"},"query-input":{"@type":"PropertyValueSpecification","valueRequired":true,"valueName":"search_term_string"}}],"inLanguage":"en-US"},{"@type":"Organization","@id":"https:\/\/www.residence-dolcevita.com\/#organization","name":"Residence Dolce Vita","url":"https:\/\/www.residence-dolcevita.com\/","logo":{"@type":"ImageObject","inLanguage":"en-US","@id":"https:\/\/www.residence-dolcevita.com\/#\/schema\/logo\/image\/","url":"https:\/\/www.residence-dolcevita.com\/wp-content\/uploads\/2021\/06\/logo-mail.png","contentUrl":"https:\/\/www.residence-dolcevita.com\/wp-content\/uploads\/2021\/06\/logo-mail.png","width":200,"height":74,"caption":"Residence Dolce Vita"},"image":{"@id":"https:\/\/www.residence-dolcevita.com\/#\/schema\/logo\/image\/"}}]}},"_links":{"self":[{"href":"https:\/\/www.residence-dolcevita.com\/en\/wp-json\/wp\/v2\/pages\/1800","targetHints":{"allow":["GET"]}}],"collection":[{"href":"https:\/\/www.residence-dolcevita.com\/en\/wp-json\/wp\/v2\/pages"}],"about":[{"href":"https:\/\/www.residence-dolcevita.com\/en\/wp-json\/wp\/v2\/types\/page"}],"author":[{"embeddable":true,"href":"https:\/\/www.residence-dolcevita.com\/en\/wp-json\/wp\/v2\/users\/1"}],"replies":[{"embeddable":true,"href":"https:\/\/www.residence-dolcevita.com\/en\/wp-json\/wp\/v2\/comments?post=1800"}],"version-history":[{"count":0,"href":"https:\/\/www.residence-dolcevita.com\/en\/wp-json\/wp\/v2\/pages\/1800\/revisions"}],"wp:attachment":[{"href":"https:\/\/www.residence-dolcevita.com\/en\/wp-json\/wp\/v2\/media?parent=1800"}],"curies":[{"name":"wp","href":"https:\/\/api.w.org\/{rel}","templated":true}]}}